{"id":2995,"date":"2023-09-13T14:24:57","date_gmt":"2023-09-13T12:24:57","guid":{"rendered":"https:\/\/campingdujard.fr\/kinder-aktivitaeten\/"},"modified":"2023-12-21T15:42:04","modified_gmt":"2023-12-21T14:42:04","slug":"kinder-aktivitaeten","status":"publish","type":"page","link":"https:\/\/campingdujard.fr\/de\/kinder-aktivitaeten\/","title":{"rendered":"Aktivit\u00e4ten Kinder"},"content":{"rendered":"\n<div class=\"is-layout-constrained wp-block-group alignfull J-00\">\n<figure class=\"wp-block-image size-full fc-auto\"><img decoding=\"async\" width=\"1920\" height=\"1080\" src=\"https:\/\/campingdujard.fr\/wp-content\/uploads\/2023\/08\/banniere-activites-enfants.jpg\" alt=\"\" class=\"wp-image-647\" srcset=\"https:\/\/campingdujard.fr\/wp-content\/uploads\/2023\/08\/banniere-activites-enfants.jpg 1920w, https:\/\/campingdujard.fr\/wp-content\/uploads\/2023\/08\/banniere-activites-enfants-300x169.jpg 300w, https:\/\/campingdujard.fr\/wp-content\/uploads\/2023\/08\/banniere-activites-enfants-1024x576.jpg 1024w, https:\/\/campingdujard.fr\/wp-content\/uploads\/2023\/08\/banniere-activites-enfants-768x432.jpg 768w, https:\/\/campingdujard.fr\/wp-content\/uploads\/2023\/08\/banniere-activites-enfants-1536x864.jpg 1536w\" sizes=\"(max-width: 1920px) 100vw, 1920px\" \/><\/figure>\n\n\n\n<p class=\"has-text-align-center\"><strong>Aktivit\u00e4ten Kinder<\/strong> angepasste R\u00e4ume, Spiele, p\u00e4dagogische Module.<\/p>\n\n\n<div class=\"barre_resa\"><div><label for=\"barre-datepicker\">Daten Ihres Aufenthalts<\/label><span class=\"fc-icon\" style=\"width:30px; height:30px\"><svg xmlns=\"http:\/\/www.w3.org\/2000\/svg\" viewBox=\"0 0 448 512\"><!--! Font Awesome Free 6.4.2 by @fontawesome - https:\/\/fontawesome.com License - https:\/\/fontawesome.com\/license (Commercial License) Copyright 2023 Fonticons, Inc. --><path d=\"M152 24c0-13.3-10.7-24-24-24s-24 10.7-24 24V64H64C28.7 64 0 92.7 0 128v16 48V448c0 35.3 28.7 64 64 64H384c35.3 0 64-28.7 64-64V192 144 128c0-35.3-28.7-64-64-64H344V24c0-13.3-10.7-24-24-24s-24 10.7-24 24V64H152V24zM48 192h80v56H48V192zm0 104h80v64H48V296zm128 0h96v64H176V296zm144 0h80v64H320V296zm80-48H320V192h80v56zm0 160v40c0 8.8-7.2 16-16 16H320V408h80zm-128 0v56H176V408h96zm-144 0v56H64c-8.8 0-16-7.2-16-16V408h80zM272 248H176V192h96v56z\"\/><\/svg><\/span><input type=\"text\" id=\"barre-datepicker\" placeholder=\"W\u00e4hlen Sie Ihre Daten aus\" data-input><\/div><div><button class=\"typesejour\">Art der Unterkunft<\/button><span class=\"placeholder\">Alle Unterk\u00fcnfte<\/span><span class=\"fc-icon\" style=\"width:30px; height:30px\"><svg xmlns=\"http:\/\/www.w3.org\/2000\/svg\" viewBox=\"0 0 512 512\"><!--! Font Awesome Pro 6.4.2 by @fontawesome - https:\/\/fontawesome.com License - https:\/\/fontawesome.com\/license (Commercial License) Copyright 2023 Fonticons, Inc. --><path d=\"M239 401c9.4 9.4 24.6 9.4 33.9 0L465 209c9.4-9.4 9.4-24.6 0-33.9s-24.6-9.4-33.9 0l-175 175L81 175c-9.4-9.4-24.6-9.4-33.9 0s-9.4 24.6 0 33.9L239 401z\"\/><\/svg><\/span><div class=\"filtre typesejour\"><div><input value=\"hebergements\" type=\"radio\" name=\"barre-typesejour\" id=\"type-hebergement\"><label for=\"type-hebergement\">Unterk\u00fcnfte<\/label><\/div><div><input value=\"emplacement\" type=\"radio\" name=\"barre-typesejour\" id=\"type-emplacement\"><label for=\"type-emplacement\">Standort<\/label><\/div><\/div><\/div><div><button class=\"nombrepersonnes\">Kapazit\u00e4t<\/button><span class=\"placeholder\">Alle F\u00e4higkeiten<\/span><span class=\"fc-icon\" style=\"width:30px; height:30px\"><svg xmlns=\"http:\/\/www.w3.org\/2000\/svg\" viewBox=\"0 0 512 512\"><!--! Font Awesome Pro 6.4.2 by @fontawesome - https:\/\/fontawesome.com License - https:\/\/fontawesome.com\/license (Commercial License) Copyright 2023 Fonticons, Inc. --><path d=\"M239 401c9.4 9.4 24.6 9.4 33.9 0L465 209c9.4-9.4 9.4-24.6 0-33.9s-24.6-9.4-33.9 0l-175 175L81 175c-9.4-9.4-24.6-9.4-33.9 0s-9.4 24.6 0 33.9L239 401z\"\/><\/svg><\/span><div class=\"filtre nombrepersonnes\"><div><input value=\"1\" type=\"radio\" name=\"barre-nombrepersonnes\" id=\"personnes-1\"><label for=\"personnes-1\">1 und +<\/label><\/div><div><input value=\"2\" type=\"radio\" name=\"barre-nombrepersonnes\" id=\"personnes-2\"><label for=\"personnes-2\">2 und +<\/label><\/div><div><input value=\"3\" type=\"radio\" name=\"barre-nombrepersonnes\" id=\"personnes-3\"><label for=\"personnes-3\">3 und +<\/label><\/div><div><input value=\"4\" type=\"radio\" name=\"barre-nombrepersonnes\" id=\"personnes-4\"><label for=\"personnes-4\">4 und +<\/label><\/div><div><input value=\"5\" type=\"radio\" name=\"barre-nombrepersonnes\" id=\"personnes-5\"><label for=\"personnes-5\">5 und +<\/label><\/div><div><input value=\"6\" type=\"radio\" name=\"barre-nombrepersonnes\" id=\"personnes-6\"><label for=\"personnes-6\">6 und +<\/label><\/div><\/div><\/div><button class=\"btn_resa\"><span class=\"fc-icon\" style=\"width:30px; height:30px\"><svg xmlns=\"http:\/\/www.w3.org\/2000\/svg\" viewBox=\"0 0 512 512\"><!--! Font Awesome Pro 6.4.2 by @fontawesome - https:\/\/fontawesome.com License - https:\/\/fontawesome.com\/license (Commercial License) Copyright 2023 Fonticons, Inc. --><path d=\"M368 208A160 160 0 1 0 48 208a160 160 0 1 0 320 0zM337.1 371.1C301.7 399.2 256.8 416 208 416C93.1 416 0 322.9 0 208S93.1 0 208 0S416 93.1 416 208c0 48.8-16.8 93.7-44.9 129.1L505 471c9.4 9.4 9.4 24.6 0 33.9s-24.6 9.4-33.9 0L337.1 371.1z\"\/><\/svg><\/span>Suche<\/button><\/div>\n<\/div>\n\n\n\n<div class=\"is-layout-flex wp-container-3 wp-block-columns\">\n<div class=\"is-layout-flow wp-block-column\">\n<h1 class=\"has-text-align-center h1\">Aktivit\u00e4ten Kinder<\/h1>\n\n\n\n<p class=\"has-text-align-center\">Unser Campingplatz am Meer bietet Ihnen, nachdem Sie den Strand von La Tranche sur Mer oder unseren Wasserpark genossen haben, die M\u00f6glichkeit, Ihre Kinder mit kindgerechten Bereichen zu besch\u00e4ftigen. So k\u00f6nnen sie sich an der frischen Luft oder unter \u00fcberdachten Bereichen austoben und ihren Sommer auf dem Campingplatz Le Jard in der Vend\u00e9e perfektionieren.<\/p>\n<\/div>\n<\/div>\n\n\n\n<div class=\"is-layout-flex wp-container-8 wp-block-columns J-05\">\n<div class=\"is-layout-flow wp-block-column is-vertically-aligned-center\">\n<figure class=\"is-layout-flex wp-block-gallery-4 wp-block-gallery has-nested-images columns-1 is-cropped fc-diapo fc-auto\">\n<figure class=\"wp-block-image size-large fc-auto\"><img decoding=\"async\" width=\"683\" height=\"1024\" src=\"https:\/\/campingdujard.fr\/wp-content\/uploads\/2023\/08\/R5_4808-683x1024.jpg\" alt=\"\" class=\"wp-image-2106\" srcset=\"https:\/\/campingdujard.fr\/wp-content\/uploads\/2023\/08\/R5_4808-683x1024.jpg 683w, https:\/\/campingdujard.fr\/wp-content\/uploads\/2023\/08\/R5_4808-200x300.jpg 200w, https:\/\/campingdujard.fr\/wp-content\/uploads\/2023\/08\/R5_4808-768x1151.jpg 768w, https:\/\/campingdujard.fr\/wp-content\/uploads\/2023\/08\/R5_4808-1025x1536.jpg 1025w, https:\/\/campingdujard.fr\/wp-content\/uploads\/2023\/08\/R5_4808-1366x2048.jpg 1366w, https:\/\/campingdujard.fr\/wp-content\/uploads\/2023\/08\/R5_4808-scaled.jpg 1708w\" sizes=\"(max-width: 683px) 100vw, 683px\" \/><\/figure>\n\n\n\n<figure class=\"wp-block-image size-large fc-auto\"><img decoding=\"async\" width=\"1024\" height=\"683\" src=\"https:\/\/campingdujard.fr\/wp-content\/uploads\/2023\/08\/R5_4704-1024x683.jpg\" alt=\"\" class=\"wp-image-2102\" srcset=\"https:\/\/campingdujard.fr\/wp-content\/uploads\/2023\/08\/R5_4704-1024x683.jpg 1024w, https:\/\/campingdujard.fr\/wp-content\/uploads\/2023\/08\/R5_4704-300x200.jpg 300w, https:\/\/campingdujard.fr\/wp-content\/uploads\/2023\/08\/R5_4704-768x512.jpg 768w, https:\/\/campingdujard.fr\/wp-content\/uploads\/2023\/08\/R5_4704-1536x1025.jpg 1536w, https:\/\/campingdujard.fr\/wp-content\/uploads\/2023\/08\/R5_4704-2048x1366.jpg 2048w\" sizes=\"(max-width: 1024px) 100vw, 1024px\" \/><\/figure>\n\n\n\n<figure class=\"wp-block-image size-large fc-auto\"><img decoding=\"async\" width=\"1024\" height=\"949\" src=\"https:\/\/campingdujard.fr\/wp-content\/uploads\/2023\/08\/R5_4838-1-1-1024x949.jpg\" alt=\"\" class=\"wp-image-1572\"\/><\/figure>\n\n\n\n<figure class=\"wp-block-image size-large fc-auto\"><img decoding=\"async\" src=\"https:\/\/campingdujard.fr\/wp-content\/uploads\/2023\/08\/R5_0128-2-683x1024.jpg\" alt=\"\" class=\"wp-image-2130\"\/><\/figure>\n\n\n\n<figure class=\"wp-block-image size-large fc-auto\"><img decoding=\"async\" width=\"683\" height=\"1024\" src=\"https:\/\/campingdujard.fr\/wp-content\/uploads\/2023\/08\/R5_0194-2-683x1024.jpg\" alt=\"\" class=\"wp-image-2134\" srcset=\"https:\/\/campingdujard.fr\/wp-content\/uploads\/2023\/08\/R5_0194-2-683x1024.jpg 683w, https:\/\/campingdujard.fr\/wp-content\/uploads\/2023\/08\/R5_0194-2-200x300.jpg 200w, https:\/\/campingdujard.fr\/wp-content\/uploads\/2023\/08\/R5_0194-2-768x1151.jpg 768w, https:\/\/campingdujard.fr\/wp-content\/uploads\/2023\/08\/R5_0194-2-1024x1536.jpg 1024w, https:\/\/campingdujard.fr\/wp-content\/uploads\/2023\/08\/R5_0194-2-1366x2048.jpg 1366w, https:\/\/campingdujard.fr\/wp-content\/uploads\/2023\/08\/R5_0194-2-scaled.jpg 1707w\" sizes=\"(max-width: 683px) 100vw, 683px\" \/><\/figure>\n<\/figure>\n<\/div>\n\n\n\n<div class=\"is-layout-flow wp-block-column is-vertically-aligned-center has-beige-background-color has-background\">\n<h2 class=\"h2\">Aktivit\u00e4ten f\u00fcr alle Altersgruppen!<\/h2>\n\n\n\n<h3>Babybereich<\/h3>\n\n\n\n<p>Als Neuheit auf einem Campingplatz bieten wir einen Spielbereich f\u00fcr Kinder von 0 &#8211; 6 Jahren, damit sie sich in aller Sicherheit vergn\u00fcgen k\u00f6nnen! Rutsche, Ballpool und viele <strong>andere Aktivit\u00e4ten warten auf sie!<\/strong><\/p>\n\n\n\n<p><strong>Ein \u00fcberdachter Babybereich<\/strong>, der die ganze Saison \u00fcber von 10:00 bis 20:00 Uhr. Gewidmet f\u00fcr Kinder von 0 bis 6 Jahren, unter Aufsicht der Eltern.<\/p>\n\n\n\n<h3>Aufblasbare Struktur<\/h3>\n\n\n\n<p>Die ganze Saison \u00fcber von 10:00 bis 20:00 Uhr k\u00f6nnen Kinder bis 12 Jahre unter Aufsicht ihrer Eltern springen, toben und lachen.<\/p>\n<\/div>\n<\/div>\n\n\n\n<div class=\"is-layout-flex wp-container-13 wp-block-columns J-10\">\n<div class=\"is-layout-flow wp-block-column\">\n<ul class=\"pictos big\">\n<li><span class=\"fc-icon\" style=\"width:30px; height:30px\"><svg xmlns=\"http:\/\/www.w3.org\/2000\/svg\" viewBox=\"0 0 512 512\"><!--! Font Awesome Pro 6.4.0 by @fontawesome - https:\/\/fontawesome.com License - https:\/\/fontawesome.com\/license (Commercial License) Copyright 2023 Fonticons, Inc. --><path d=\"M261.5 35.1c-3.6-1.3-7.5-1.3-11 0L44.1 110.7 256 194l211.9-83.2L261.5 35.1zM32 385.7c0 6.7 4.2 12.7 10.5 15L240 473.1V222L32 140.3V385.7zm240 87.4l197.5-72.4c6.3-2.3 10.5-8.3 10.5-15V140.3L272 222v251zM239.5 5c10.7-3.9 22.4-3.9 33 0l208 76.3c18.9 6.9 31.5 24.9 31.5 45.1V385.7c0 20.1-12.6 38.1-31.5 45.1L272.5 507c-10.7 3.9-22.4 3.9-33 0l-208-76.3C12.6 423.8 0 405.8 0 385.7V126.4c0-20.1 12.6-38.1 31.5-45.1L239.5 5z\"\/><\/svg><\/span>  Klettermodul<\/li>\n\n\n\n<li><span class=\"fc-icon\" style=\"width:30px; height:30px\"><svg xmlns=\"http:\/\/www.w3.org\/2000\/svg\" viewBox=\"0 0 576 512\"><!--! Font Awesome Pro 6.4.0 by @fontawesome - https:\/\/fontawesome.com License - https:\/\/fontawesome.com\/license (Commercial License) Copyright 2023 Fonticons, Inc. --><path d=\"M336 144c0 8.8-7.2 16-16 16H232 192 146.7c-28 0-50.7 22.7-50.7 50.7c0 6.7 1.3 13.3 3.9 19.5l33.4 80.1c1.8 4.3 2.7 8.9 2.7 13.5c0 4.8-1 9.5-2.8 13.9l-8.1 19c-9.3 21.7-10.9 46-4.6 68.8l13.5 48.6c1 3.5 4.1 5.9 7.7 5.9h33.2c5.3 0 9.1-5 7.7-10.1l-15.9-57.2c-3.4-12.3-2.5-25.3 2.5-37l8.1-19c4.4-10.4 6.7-21.5 6.7-32.8c0-4.6-.4-9.2-1.1-13.7c-.9-5.3 .9-10.6 4.8-14.3s9.3-5.2 14.5-4L318.4 318c1.4 .3 2.8 .6 4.3 .8c7.7 1.3 13.3 8 13.3 15.8V472c0 4.4 3.6 8 8 8h32c4.4 0 8-3.6 8-8V311.6c0-4.6 1.9-8.9 5.3-11.9C405.6 285.1 416 264 416 240c0-2.3-.1-4.5-.3-6.7c-.1-1.5 0-3.1 .3-4.5V176c0-8.8 7.2-16 16-16h32c5.4 0 10.3 2.7 13.3 7.1l6.4 9.6c9.4 14.2 28.5 18.3 42.9 9.2c10.1-6.3 15.8-17.8 14.7-29.7l-7.7-80.8c-2.3-24.6-23-43.4-47.8-43.4H480h-8H448c-61.9 0-112 50.1-112 112zM549.2 31.1c8.9 11.6 14.8 25.7 16.3 41.3l7.7 80.8c2.3 23.9-9.2 47.1-29.6 59.9c-29.1 18.2-67.4 10-86.5-18.6l-1.7-2.5H448v40c0 .7-.1 1.5-.1 2.2c.1 1.9 .1 3.9 .1 5.8c0 30.9-12.4 58.4-32 78.4V472c0 22.1-17.9 40-40 40H344c-22.1 0-40-17.9-40-40V347.6l-88.1-19.8c-.5 14.3-3.6 28.3-9.2 41.4l-8.1 19c-2.2 5-2.5 10.6-1.1 15.9l15.9 57.2c7.1 25.5-12.1 50.7-38.5 50.7H141.6c-18 0-33.7-12-38.5-29.3L89.6 434.1c-8.3-29.8-6.2-61.5 6-90l8.1-19c.2-.4 .3-.8 .3-1.3c0-.4-.1-.8-.2-1.2L70.4 242.5c-4.2-10.1-6.4-20.8-6.4-31.7c-18.6 6.6-32 24.4-32 45.3v48c0 8.8-7.2 16-16 16s-16-7.2-16-16V256c0-41.3 31.3-75.2 71.4-79.5c13-28.6 41.8-48.5 75.3-48.5H192h40 72.9c8-72 69-128 143.1-128h24 8 5.8H544c8.8 0 16 7.2 16 16c0 7-4.5 13-10.8 15.1zM464 96a16 16 0 1 1 32 0 16 16 0 1 1 -32 0z\"\/><\/svg><\/span>  Schaukelspiele<\/li>\n\n\n\n<li><span class=\"fc-icon\" style=\"width:30px; height:30px\"><svg xmlns=\"http:\/\/www.w3.org\/2000\/svg\" viewBox=\"0 0 512 512\"><!--! Font Awesome Pro 6.4.0 by @fontawesome - https:\/\/fontawesome.com License - https:\/\/fontawesome.com\/license (Commercial License) Copyright 2023 Fonticons, Inc. --><path d=\"M415.1 413.7c-85.3 20-177.8 6.8-256.2-42.8c-13.5 21.4-24.2 44.4-31.9 68.2c36.5 25.8 81 40.9 129.1 40.9c62.2 0 118.5-25.4 159.1-66.3zm34-44c10.9-18.4 19.2-38.5 24.4-59.8c-72 12.5-148.4 1.8-217.2-35.5c-31 19.1-57.5 43.1-78.9 70.2c83.6 52.2 184.6 59.1 271.7 25zm30.1-93.4c.6-6.7 .9-13.4 .9-20.3c0-99.3-64.6-183.5-154.1-212.9c52.5 65.3 80.6 150 72.9 239.3c27.1 1.5 54.1-.6 80.3-6.2zM272.8 32.6c-5.5-.4-11.1-.6-16.8-.6c-21.5 0-42.3 3-62 8.7c46.8 56.1 75.7 127.6 77.9 205.8C302.4 263 334.5 273.7 367 279c8-95.3-29.1-184.8-94.2-246.4zM162 52.6C85.2 88.2 32 165.9 32 256c0 7.5 .4 14.9 1.1 22.1c34.4-69.3 92.8-127.1 169.6-159.7l3.7-1.6c-12-23.3-27-44.9-44.4-64.2zM45.3 332.3c11.8 32.5 30.9 61.5 55.3 85C125.7 348.8 173.2 288 239.9 247c-1-35.5-8.2-69.5-20.4-100.9l-4.4 1.9C131.4 183.5 71.8 252.2 45.3 332.3zM0 256a256 256 0 1 1 512 0A256 256 0 1 1 0 256z\"\/><\/svg><\/span>  Multi-Aktivit\u00e4tsspiele<\/li>\n\n\n\n<li><span class=\"fc-icon\" style=\"width:30px; height:30px\"><svg xmlns=\"http:\/\/www.w3.org\/2000\/svg\" viewBox=\"0 0 512 512\"><!--! Font Awesome Pro 6.4.0 by @fontawesome - https:\/\/fontawesome.com License - https:\/\/fontawesome.com\/license (Commercial License) Copyright 2023 Fonticons, Inc. --><path d=\"M392 112a24 24 0 1 0 0-48 24 24 0 1 0 0 48zm0-80a56 56 0 1 1 0 112 56 56 0 1 1 0-112zM1.7 248.8c4-7.9 13.6-11.1 21.5-7.1L419 440.6c14 7 30.3 7.9 44.9 2.4l26.5-10c8.3-3.1 17.5 1.1 20.6 9.3s-1.1 17.5-9.3 20.6l-26.5 10c-23 8.7-48.6 7.3-70.6-3.7L8.8 270.3c-7.9-4-11.1-13.6-7.1-21.5zM160 144H320c6.5 0 12.3 3.9 14.8 9.9s1.1 12.9-3.5 17.4L230.6 272 344 272c13.3 0 24 10.7 24 24v72c0 8.8-7.2 16-16 16s-16-7.2-16-16V304H230.6c-28.5 0-42.8-34.5-22.6-54.6L281.4 176H160c-8.8 0-16-7.2-16-16s7.2-16 16-16z\"\/><\/svg><\/span>  Rutschen<\/li>\n<\/ul>\n\n\n\n<h3 class=\"h3 has-marron-color has-text-color\">Spielplatz<\/h3>\n\n\n\n<p>Schaukelspiele, Rutschen und Multiaktivit\u00e4tsspiele sind die ganze Saison \u00fcber frei zug\u00e4nglich. Nicht zu vergessen der <a href=\"https:\/\/campingdujard.fr\/de\/wasserraum\/\" data-type=\"page\" data-id=\"81\">Wasserbereich des Campingplatzes<\/a> mit zahlreichen Wasserspielen und Planschbecken!<\/p>\n\n\n\n<h3 class=\"has-marron-color has-text-color\">Ein neuer Spielplatz<\/h3>\n\n\n\n<p><em>Ein neuer Spielplatz, der in zwei Pole aufgeteilt ist:<\/em><\/p>\n\n\n\n<p><strong>Von 5 bis 10 Jahren:<\/strong> Rutsche, Klettermodul, Riesenschaukel, p\u00e4dagogische Module &#8230; Ein Paradies f\u00fcr Kinder! Dort finden Sie sogar einen gem\u00fctlichen, schattigen Platz.<\/p>\n\n\n\n<p><strong>Von 11 bis 15 Jahren:<\/strong> Riesenspinnennetz, Arschklopfer, schr\u00e4ges Drehkreuz&#8230; Probiere dich an diesen neuen Modulen aus, die speziell f\u00fcr Teenager entwickelt wurden!<\/p>\n<\/div>\n\n\n\n<div class=\"is-layout-flow wp-block-column\">\n<figure class=\"is-layout-flex wp-block-gallery-10 wp-block-gallery has-nested-images columns-1 is-cropped fc-diapo fc-auto\">\n<figure class=\"wp-block-image size-full fc-auto\"><img decoding=\"async\" width=\"1708\" height=\"2560\" src=\"https:\/\/campingdujard.fr\/wp-content\/uploads\/2023\/08\/R5_4941-scaled.jpg\" alt=\"\" class=\"wp-image-2139\" srcset=\"https:\/\/campingdujard.fr\/wp-content\/uploads\/2023\/08\/R5_4941-scaled.jpg 1708w, https:\/\/campingdujard.fr\/wp-content\/uploads\/2023\/08\/R5_4941-200x300.jpg 200w, https:\/\/campingdujard.fr\/wp-content\/uploads\/2023\/08\/R5_4941-683x1024.jpg 683w, https:\/\/campingdujard.fr\/wp-content\/uploads\/2023\/08\/R5_4941-768x1151.jpg 768w, https:\/\/campingdujard.fr\/wp-content\/uploads\/2023\/08\/R5_4941-1025x1536.jpg 1025w, https:\/\/campingdujard.fr\/wp-content\/uploads\/2023\/08\/R5_4941-1366x2048.jpg 1366w\" sizes=\"(max-width: 1708px) 100vw, 1708px\" \/><\/figure>\n\n\n\n<figure class=\"wp-block-image size-full fc-auto\"><img decoding=\"async\" src=\"https:\/\/campingdujard.fr\/wp-content\/uploads\/2023\/08\/R5_5158-scaled.jpg\" alt=\"\" class=\"wp-image-2143\"\/><\/figure>\n\n\n\n<figure class=\"wp-block-image size-full fc-auto\"><img decoding=\"async\" width=\"1080\" height=\"1619\" src=\"https:\/\/campingdujard.fr\/wp-content\/uploads\/2023\/08\/batch__R5_0270.png\" alt=\"\" class=\"wp-image-2147\" srcset=\"https:\/\/campingdujard.fr\/wp-content\/uploads\/2023\/08\/batch__R5_0270.png 1080w, https:\/\/campingdujard.fr\/wp-content\/uploads\/2023\/08\/batch__R5_0270-200x300.png 200w, https:\/\/campingdujard.fr\/wp-content\/uploads\/2023\/08\/batch__R5_0270-683x1024.png 683w, https:\/\/campingdujard.fr\/wp-content\/uploads\/2023\/08\/batch__R5_0270-768x1151.png 768w, https:\/\/campingdujard.fr\/wp-content\/uploads\/2023\/08\/batch__R5_0270-1025x1536.png 1025w\" sizes=\"(max-width: 1080px) 100vw, 1080px\" \/><\/figure>\n\n\n\n<figure class=\"wp-block-image size-full fc-auto\"><img decoding=\"async\" width=\"1080\" height=\"1619\" src=\"https:\/\/campingdujard.fr\/wp-content\/uploads\/2023\/08\/batch__R5_0383.png\" alt=\"\" class=\"wp-image-2151\" srcset=\"https:\/\/campingdujard.fr\/wp-content\/uploads\/2023\/08\/batch__R5_0383.png 1080w, https:\/\/campingdujard.fr\/wp-content\/uploads\/2023\/08\/batch__R5_0383-200x300.png 200w, https:\/\/campingdujard.fr\/wp-content\/uploads\/2023\/08\/batch__R5_0383-683x1024.png 683w, https:\/\/campingdujard.fr\/wp-content\/uploads\/2023\/08\/batch__R5_0383-768x1151.png 768w, https:\/\/campingdujard.fr\/wp-content\/uploads\/2023\/08\/batch__R5_0383-1025x1536.png 1025w\" sizes=\"(max-width: 1080px) 100vw, 1080px\" \/><\/figure>\n\n\n\n<figure class=\"wp-block-image size-full fc-auto\"><img decoding=\"async\" width=\"1080\" height=\"720\" src=\"https:\/\/campingdujard.fr\/wp-content\/uploads\/2023\/08\/batch__R5_0676.png\" alt=\"\" class=\"wp-image-2155\" srcset=\"https:\/\/campingdujard.fr\/wp-content\/uploads\/2023\/08\/batch__R5_0676.png 1080w, https:\/\/campingdujard.fr\/wp-content\/uploads\/2023\/08\/batch__R5_0676-300x200.png 300w, https:\/\/campingdujard.fr\/wp-content\/uploads\/2023\/08\/batch__R5_0676-1024x683.png 1024w, https:\/\/campingdujard.fr\/wp-content\/uploads\/2023\/08\/batch__R5_0676-768x512.png 768w\" sizes=\"(max-width: 1080px) 100vw, 1080px\" \/><\/figure>\n<\/figure>\n<\/div>\n<\/div>\n","protected":false},"excerpt":{"rendered":"<p>Aktivit\u00e4ten Kinder angepasste R\u00e4ume, Spiele, p\u00e4dagogische Module. Aktivit\u00e4ten Kinder Unser Campingplatz am Meer bietet Ihnen, nachdem Sie den Strand von La Tranche sur Mer oder unseren Wasserpark genossen haben, die M\u00f6glichkeit, Ihre Kinder mit kindgerechten Bereichen zu besch\u00e4ftigen. So k\u00f6nnen sie sich an der frischen Luft oder unter \u00fcberdachten Bereichen austoben und ihren Sommer auf [&hellip;]<\/p>\n","protected":false},"author":1,"featured_media":0,"parent":0,"menu_order":0,"comment_status":"closed","ping_status":"closed","template":"","meta":[],"acf":[],"_links":{"self":[{"href":"https:\/\/campingdujard.fr\/de\/wp-json\/wp\/v2\/pages\/2995"}],"collection":[{"href":"https:\/\/campingdujard.fr\/de\/wp-json\/wp\/v2\/pages"}],"about":[{"href":"https:\/\/campingdujard.fr\/de\/wp-json\/wp\/v2\/types\/page"}],"author":[{"embeddable":true,"href":"https:\/\/campingdujard.fr\/de\/wp-json\/wp\/v2\/users\/1"}],"replies":[{"embeddable":true,"href":"https:\/\/campingdujard.fr\/de\/wp-json\/wp\/v2\/comments?post=2995"}],"version-history":[{"count":5,"href":"https:\/\/campingdujard.fr\/de\/wp-json\/wp\/v2\/pages\/2995\/revisions"}],"predecessor-version":[{"id":5417,"href":"https:\/\/campingdujard.fr\/de\/wp-json\/wp\/v2\/pages\/2995\/revisions\/5417"}],"wp:attachment":[{"href":"https:\/\/campingdujard.fr\/de\/wp-json\/wp\/v2\/media?parent=2995"}],"curies":[{"name":"wp","href":"https:\/\/api.w.org\/{rel}","templated":true}]}}